{"id":16,"date":"2023-08-30T20:20:51","date_gmt":"2023-08-30T18:20:51","guid":{"rendered":"http:\/\/brafs.be\/?page_id=16"},"modified":"2024-01-28T18:51:03","modified_gmt":"2024-01-28T17:51:03","slug":"our-story","status":"publish","type":"page","link":"https:\/\/brafs.be\/fr\/our-story\/","title":{"rendered":"Notre histoire"},"content":{"rendered":"<div data-elementor-type=\"wp-page\" data-elementor-id=\"16\" class=\"elementor elementor-16\">\n\t\t\t\t\t\t\t\t\t<section class=\"elementor-section elementor-top-section elementor-element elementor-element-51c31364 elementor-section-full_width elementor-section-content-top elementor-section-height-default elementor-section-height-default\" data-id=\"51c31364\" data-element_type=\"section\">\n\t\t\t\t\t\t<div class=\"elementor-container elementor-column-gap-no\">\n\t\t\t\t\t<div class=\"elementor-column elementor-col-50 elementor-top-column elementor-element elementor-element-592fedf7\" data-id=\"592fedf7\" data-element_type=\"column\">\n\t\t\t<div class=\"elementor-widget-wrap elementor-element-populated\">\n\t\t\t\t\t\t\t\t<div class=\"elementor-element elementor-element-53f9eeab elementor-widget-mobile__width-inherit elementor-widget elementor-widget-image\" data-id=\"53f9eeab\" data-element_type=\"widget\" data-widget_type=\"image.default\">\n\t\t\t\t<div class=\"elementor-widget-container\">\n\t\t\t<style>\/*! elementor - v3.15.0 - 20-08-2023 *\/\n.elementor-widget-image{text-align:center}.elementor-widget-image a{display:inline-block}.elementor-widget-image a img[src$=\".svg\"]{width:48px}.elementor-widget-image img{vertical-align:middle;display:inline-block}<\/style>\t\t\t\t\t\t\t\t\t\t\t\t<img loading=\"lazy\" decoding=\"async\" width=\"768\" height=\"1024\" src=\"https:\/\/brafs.be\/wp-content\/uploads\/2023\/08\/20230728_121512-768x1024.jpg\" class=\"attachment-large size-large wp-image-167\" alt=\"\" srcset=\"https:\/\/brafs.be\/wp-content\/uploads\/2023\/08\/20230728_121512-768x1024.jpg 768w, https:\/\/brafs.be\/wp-content\/uploads\/2023\/08\/20230728_121512-225x300.jpg 225w, https:\/\/brafs.be\/wp-content\/uploads\/2023\/08\/20230728_121512-1152x1536.jpg 1152w, https:\/\/brafs.be\/wp-content\/uploads\/2023\/08\/20230728_121512-1536x2048.jpg 1536w, https:\/\/brafs.be\/wp-content\/uploads\/2023\/08\/20230728_121512-9x12.jpg 9w, https:\/\/brafs.be\/wp-content\/uploads\/2023\/08\/20230728_121512-scaled.jpg 1920w\" sizes=\"auto, (max-width: 768px) 100vw, 768px\" \/>\t\t\t\t\t\t\t\t\t\t\t\t\t\t\t<\/div>\n\t\t\t\t<\/div>\n\t\t\t\t\t<\/div>\n\t\t<\/div>\n\t\t\t\t<div class=\"elementor-column elementor-col-50 elementor-top-column elementor-element elementor-element-c719100\" data-id=\"c719100\" data-element_type=\"column\">\n\t\t\t<div class=\"elementor-widget-wrap elementor-element-populated\">\n\t\t\t\t\t\t\t\t<div class=\"elementor-element elementor-element-172cc717 elementor-widget__width-initial elementor-widget elementor-widget-heading\" data-id=\"172cc717\" data-element_type=\"widget\" data-widget_type=\"heading.default\">\n\t\t\t\t<div class=\"elementor-widget-container\">\n\t\t\t<style>\/*! elementor - v3.15.0 - 20-08-2023 *\/\n.elementor-heading-title{padding:0;margin:0;line-height:1}.elementor-widget-heading .elementor-heading-title[class*=elementor-size-]>a{color:inherit;font-size:inherit;line-height:inherit}.elementor-widget-heading .elementor-heading-title.elementor-size-small{font-size:15px}.elementor-widget-heading .elementor-heading-title.elementor-size-medium{font-size:19px}.elementor-widget-heading .elementor-heading-title.elementor-size-large{font-size:29px}.elementor-widget-heading .elementor-heading-title.elementor-size-xl{font-size:39px}.elementor-widget-heading .elementor-heading-title.elementor-size-xxl{font-size:59px}<\/style><h1 class=\"elementor-heading-title elementor-size-default\">Cuisiner Avec Amour<\/h1>\t\t<\/div>\n\t\t\t\t<\/div>\n\t\t\t\t\t<\/div>\n\t\t<\/div>\n\t\t\t\t\t\t\t<\/div>\n\t\t<\/section>\n\t\t\t\t<section class=\"elementor-section elementor-top-section elementor-element elementor-element-359fc1f elementor-section-full_width elementor-section-height-default elementor-section-height-default\" data-id=\"359fc1f\" data-element_type=\"section\">\n\t\t\t\t\t\t<div class=\"elementor-container elementor-column-gap-no\">\n\t\t\t\t\t<div class=\"elementor-column elementor-col-50 elementor-top-column elementor-element elementor-element-205b61\" data-id=\"205b61\" data-element_type=\"column\">\n\t\t\t<div class=\"elementor-widget-wrap elementor-element-populated\">\n\t\t\t\t\t\t\t\t<div class=\"elementor-element elementor-element-6b0256c0 elementor-widget elementor-widget-heading\" data-id=\"6b0256c0\" data-element_type=\"widget\" data-widget_type=\"heading.default\">\n\t\t\t\t<div class=\"elementor-widget-container\">\n\t\t\t<h6 class=\"elementor-heading-title elementor-size-default\">a family tradition<\/h6>\t\t<\/div>\n\t\t\t\t<\/div>\n\t\t\t\t<div class=\"elementor-element elementor-element-691bb3b8 elementor-widget elementor-widget-heading\" data-id=\"691bb3b8\" data-element_type=\"widget\" data-widget_type=\"heading.default\">\n\t\t\t\t<div class=\"elementor-widget-container\">\n\t\t\t<h2 class=\"elementor-heading-title elementor-size-default\">Notre histoire<\/h2>\t\t<\/div>\n\t\t\t\t<\/div>\n\t\t\t\t<div class=\"elementor-element elementor-element-4123afe1 elementor-widget elementor-widget-text-editor\" data-id=\"4123afe1\" data-element_type=\"widget\" data-widget_type=\"text-editor.default\">\n\t\t\t\t<div class=\"elementor-widget-container\">\n\t\t\t<style>\/*! elementor - v3.15.0 - 20-08-2023 *\/\n.elementor-widget-text-editor.elementor-drop-cap-view-stacked .elementor-drop-cap{background-color:#69727d;color:#fff}.elementor-widget-text-editor.elementor-drop-cap-view-framed .elementor-drop-cap{color:#69727d;border:3px solid;background-color:transparent}.elementor-widget-text-editor:not(.elementor-drop-cap-view-default) .elementor-drop-cap{margin-top:8px}.elementor-widget-text-editor:not(.elementor-drop-cap-view-default) .elementor-drop-cap-letter{width:1em;height:1em}.elementor-widget-text-editor .elementor-drop-cap{float:left;text-align:center;line-height:1;font-size:50px}.elementor-widget-text-editor .elementor-drop-cap-letter{display:inline-block}<\/style>\t\t\t\t<p>\u00a0<\/p><p>Notre histoire a commenc\u00e9 avec une id\u00e9e simple autour de la table de la cuisine \u2013 r\u00e9unir notre amour pour la cuisine et nos liens familiaux \u00e9troits. Ce qui a commenc\u00e9 comme un r\u00eave s'est rapidement transform\u00e9 en r\u00e9alit\u00e9 lorsque nous avons d\u00e9cid\u00e9 de prendre la route avec notre propre camion de restauration. Forts de d\u00e9cennies d'exp\u00e9rience combin\u00e9e dans le monde culinaire, nous nous sommes lanc\u00e9s dans la cr\u00e9ation d'une exp\u00e9rience de restauration unique qui marie nos diverses origines et nos go\u00fbts.<\/p>\t\t\t\t\t\t<\/div>\n\t\t\t\t<\/div>\n\t\t\t\t<div class=\"elementor-element elementor-element-14e4c35f elementor-widget elementor-widget-heading\" data-id=\"14e4c35f\" data-element_type=\"widget\" data-widget_type=\"heading.default\">\n\t\t\t\t<div class=\"elementor-widget-container\">\n\t\t\t<h6 class=\"elementor-heading-title elementor-size-default\">Chef Hanna<\/h6>\t\t<\/div>\n\t\t\t\t<\/div>\n\t\t\t\t<div class=\"elementor-element elementor-element-469cdda6 elementor-invisible elementor-widget elementor-widget-icon-box\" data-id=\"469cdda6\" data-element_type=\"widget\" data-settings=\"{&quot;_animation&quot;:&quot;fadeIn&quot;}\" data-widget_type=\"icon-box.default\">\n\t\t\t\t<div class=\"elementor-widget-container\">\n\t\t\t<link rel=\"stylesheet\" href=\"https:\/\/brafs.be\/wp-content\/plugins\/elementor\/assets\/css\/widget-icon-box.min.css\">\t\t<div class=\"elementor-icon-box-wrapper\">\n\t\t\t\t\t\t<div class=\"elementor-icon-box-content\">\n\t\t\t\t<h3 class=\"elementor-icon-box-title\">\n\t\t\t\t\t<span  >\n\t\t\t\t\t\tRencontrez La Famille\t\t\t\t\t<\/span>\n\t\t\t\t<\/h3>\n\t\t\t\t\t\t\t\t\t<p class=\"elementor-icon-box-description\">\n\t\t\t\t\t\tAu c\u0153ur de notre camion de restauration se trouvent les visages qui rendent tout cela possible. Rencontrez la famille Danysz - une \u00e9quipe d'individus passionn\u00e9s qui apportent chacun leurs comp\u00e9tences uniques \u00e0 la table. Des recettes intemporelles de Grand-m\u00e8re transmises de g\u00e9n\u00e9ration en g\u00e9n\u00e9ration aux cr\u00e9ations culinaires innovantes de nos membres les plus jeunes, notre famille incarne l'esprit de tradition et d'innovation.\t\t\t\t\t<\/p>\n\t\t\t\t\t\t\t<\/div>\n\t\t<\/div>\n\t\t\t\t<\/div>\n\t\t\t\t<\/div>\n\t\t\t\t<div class=\"elementor-element elementor-element-5fb87124 elementor-view-default elementor-position-top elementor-mobile-position-top elementor-widget elementor-widget-icon-box\" data-id=\"5fb87124\" data-element_type=\"widget\" data-widget_type=\"icon-box.default\">\n\t\t\t\t<div class=\"elementor-widget-container\">\n\t\t\t\t\t<div class=\"elementor-icon-box-wrapper\">\n\t\t\t\t\t\t<div class=\"elementor-icon-box-icon\">\n\t\t\t\t<span class=\"elementor-icon elementor-animation-\" >\n\t\t\t\t<svg xmlns=\"http:\/\/www.w3.org\/2000\/svg\" id=\"babd51c6-232f-4668-aa27-cf262924e93d\" data-name=\"Layer 1\" width=\"61.8\" height=\"53.9999\" viewbox=\"0 0 61.8 53.9999\"><path d=\"M58.6,34.2a11.0935,11.0935,0,0,0-8.4-3.6,4.0745,4.0745,0,0,1-3-1,4.5281,4.5281,0,0,1-1-3q0-6.6,4.8-13A39.3606,39.3606,0,0,1,62,3.4L59.8.2Q47.2,6.4,41,15.6a35.6044,35.6044,0,0,0-6,20.2q0,8.2,4,13.4a13.8883,13.8883,0,0,0,11.2,5A11.7892,11.7892,0,0,0,58.6,51a11.0936,11.0936,0,0,0,3.6-8.4A11.0936,11.0936,0,0,0,58.6,34.2Z\" transform=\"translate(-0.4 -0.2)\"><\/path><path d=\"M15.6,30.6a4.0745,4.0745,0,0,1-3-1,4.5281,4.5281,0,0,1-1-3q0-6.6,4.8-13a39.3606,39.3606,0,0,1,11-10.2L25.2.2Q12.6,6.4,6.4,15.6a35.6044,35.6044,0,0,0-6,20.2q0,8.2,4,13.4a13.8883,13.8883,0,0,0,11.2,5A11.7892,11.7892,0,0,0,24,51a11.0936,11.0936,0,0,0,3.6-8.4A11.0936,11.0936,0,0,0,24,34.2,11.0935,11.0935,0,0,0,15.6,30.6Z\" transform=\"translate(-0.4 -0.2)\"><\/path><\/svg>\t\t\t\t<\/span>\n\t\t\t<\/div>\n\t\t\t\t\t\t<div class=\"elementor-icon-box-content\">\n\t\t\t\t<h3 class=\"elementor-icon-box-title\">\n\t\t\t\t\t<span  >\n\t\t\t\t\t\t\u00c9quilibre parfait entre go\u00fbt et texture.\t\t\t\t\t<\/span>\n\t\t\t\t<\/h3>\n\t\t\t\t\t\t\t\t\t<p class=\"elementor-icon-box-description\">\n\t\t\t\t\t\tChef rafal\t\t\t\t\t<\/p>\n\t\t\t\t\t\t\t<\/div>\n\t\t<\/div>\n\t\t\t\t<\/div>\n\t\t\t\t<\/div>\n\t\t\t\t\t<\/div>\n\t\t<\/div>\n\t\t\t\t<div class=\"elementor-column elementor-col-50 elementor-top-column elementor-element elementor-element-18118f2\" data-id=\"18118f2\" data-element_type=\"column\">\n\t\t\t<div class=\"elementor-widget-wrap elementor-element-populated\">\n\t\t\t\t\t\t\t\t<div class=\"elementor-element elementor-element-27bb32d elementor-widget__width-initial elementor-widget elementor-widget-image\" data-id=\"27bb32d\" data-element_type=\"widget\" data-widget_type=\"image.default\">\n\t\t\t\t<div class=\"elementor-widget-container\">\n\t\t\t\t\t\t\t\t\t\t\t\t\t\t\t<img loading=\"lazy\" decoding=\"async\" width=\"2560\" height=\"2560\" src=\"https:\/\/brafs.be\/wp-content\/uploads\/2024\/01\/20231130_210413-scaled.jpg\" class=\"attachment-full size-full wp-image-251\" alt=\"\" srcset=\"https:\/\/brafs.be\/wp-content\/uploads\/2024\/01\/20231130_210413-scaled.jpg 2560w, https:\/\/brafs.be\/wp-content\/uploads\/2024\/01\/20231130_210413-300x300.jpg 300w, https:\/\/brafs.be\/wp-content\/uploads\/2024\/01\/20231130_210413-1024x1024.jpg 1024w, https:\/\/brafs.be\/wp-content\/uploads\/2024\/01\/20231130_210413-150x150.jpg 150w, https:\/\/brafs.be\/wp-content\/uploads\/2024\/01\/20231130_210413-768x768.jpg 768w, https:\/\/brafs.be\/wp-content\/uploads\/2024\/01\/20231130_210413-1536x1536.jpg 1536w, https:\/\/brafs.be\/wp-content\/uploads\/2024\/01\/20231130_210413-2048x2048.jpg 2048w, https:\/\/brafs.be\/wp-content\/uploads\/2024\/01\/20231130_210413-12x12.jpg 12w\" sizes=\"auto, (max-width: 2560px) 100vw, 2560px\" \/>\t\t\t\t\t\t\t\t\t\t\t\t\t\t\t<\/div>\n\t\t\t\t<\/div>\n\t\t\t\t<div class=\"elementor-element elementor-element-f29e8fe elementor-widget elementor-widget-spacer\" data-id=\"f29e8fe\" data-element_type=\"widget\" data-widget_type=\"spacer.default\">\n\t\t\t\t<div class=\"elementor-widget-container\">\n\t\t\t<style>\/*! elementor - v3.15.0 - 20-08-2023 *\/\n.elementor-column .elementor-spacer-inner{height:var(--spacer-size)}.e-con{--container-widget-width:100%}.e-con-inner>.elementor-widget-spacer,.e-con>.elementor-widget-spacer{width:var(--container-widget-width,var(--spacer-size));--align-self:var(--container-widget-align-self,initial);--flex-shrink:0}.e-con-inner>.elementor-widget-spacer>.elementor-widget-container,.e-con-inner>.elementor-widget-spacer>.elementor-widget-container>.elementor-spacer,.e-con>.elementor-widget-spacer>.elementor-widget-container,.e-con>.elementor-widget-spacer>.elementor-widget-container>.elementor-spacer{height:100%}.e-con-inner>.elementor-widget-spacer>.elementor-widget-container>.elementor-spacer>.elementor-spacer-inner,.e-con>.elementor-widget-spacer>.elementor-widget-container>.elementor-spacer>.elementor-spacer-inner{height:var(--container-widget-height,var(--spacer-size))}<\/style>\t\t<div class=\"elementor-spacer\">\n\t\t\t<div class=\"elementor-spacer-inner\"><\/div>\n\t\t<\/div>\n\t\t\t\t<\/div>\n\t\t\t\t<\/div>\n\t\t\t\t\t<\/div>\n\t\t<\/div>\n\t\t\t\t\t\t\t<\/div>\n\t\t<\/section>\n\t\t\t\t\t\t\t<\/div>","protected":false},"excerpt":{"rendered":"<p>Cooking with love a family tradition our story \u00a0 Our story began with a simple idea around the kitchen table &#8211; to bring together our love for cooking and our close-knit family bonds. What started as a dream quickly transformed into reality when we decided to hit the road with our very own food truck. [&hellip;]<\/p>","protected":false},"author":1,"featured_media":0,"parent":0,"menu_order":0,"comment_status":"closed","ping_status":"closed","template":"","meta":{"footnotes":""},"class_list":["post-16","page","type-page","status-publish","hentry"],"_links":{"self":[{"href":"https:\/\/brafs.be\/fr\/wp-json\/wp\/v2\/pages\/16","targetHints":{"allow":["GET"]}}],"collection":[{"href":"https:\/\/brafs.be\/fr\/wp-json\/wp\/v2\/pages"}],"about":[{"href":"https:\/\/brafs.be\/fr\/wp-json\/wp\/v2\/types\/page"}],"author":[{"embeddable":true,"href":"https:\/\/brafs.be\/fr\/wp-json\/wp\/v2\/users\/1"}],"replies":[{"embeddable":true,"href":"https:\/\/brafs.be\/fr\/wp-json\/wp\/v2\/comments?post=16"}],"version-history":[{"count":28,"href":"https:\/\/brafs.be\/fr\/wp-json\/wp\/v2\/pages\/16\/revisions"}],"predecessor-version":[{"id":255,"href":"https:\/\/brafs.be\/fr\/wp-json\/wp\/v2\/pages\/16\/revisions\/255"}],"wp:attachment":[{"href":"https:\/\/brafs.be\/fr\/wp-json\/wp\/v2\/media?parent=16"}],"curies":[{"name":"wp","href":"https:\/\/api.w.org\/{rel}","templated":true}]}}